{"id":5677,"date":"2022-09-29T22:59:46","date_gmt":"2022-09-29T22:59:46","guid":{"rendered":"https:\/\/swedishtypewriter.com\/?page_id=5677"},"modified":"2023-05-23T12:36:14","modified_gmt":"2023-05-23T12:36:14","slug":"about","status":"publish","type":"page","link":"https:\/\/swedishtypewriter.com\/sv\/","title":{"rendered":"About Us"},"content":{"rendered":"<div data-elementor-type=\"wp-post\" data-elementor-id=\"5677\" class=\"elementor elementor-5677\">\n\t\t\t\t\t\t\t\t\t<section class=\"elementor-section elementor-top-section elementor-element elementor-element-3082567f elementor-section-content-middle elementor-section-boxed elementor-section-height-default elementor-section-height-default\" data-id=\"3082567f\" data-element_type=\"section\">\n\t\t\t\t\t\t\t<div class=\"elementor-background-overlay\"><\/div>\n\t\t\t\t\t\t\t<div class=\"elementor-container elementor-column-gap-no\">\n\t\t\t\t\t<div class=\"elementor-column elementor-col-50 elementor-top-column elementor-element elementor-element-11c13def\" data-id=\"11c13def\" data-element_type=\"column\">\n\t\t\t<div class=\"elementor-widget-wrap elementor-element-populated\">\n\t\t\t\t\t\t\t\t<div class=\"elementor-element elementor-element-2ed5276 elementor-widget elementor-widget-text-editor\" data-id=\"2ed5276\" data-element_type=\"widget\" data-widget_type=\"text-editor.default\">\n\t\t\t\t<div class=\"elementor-widget-container\">\n\t\t\t<style>\/*! elementor - v3.13.2 - 11-05-2023 *\/\n.elementor-widget-text-editor.elementor-drop-cap-view-stacked .elementor-drop-cap{background-color:#69727d;color:#fff}.elementor-widget-text-editor.elementor-drop-cap-view-framed .elementor-drop-cap{color:#69727d;border:3px solid;background-color:transparent}.elementor-widget-text-editor:not(.elementor-drop-cap-view-default) .elementor-drop-cap{margin-top:8px}.elementor-widget-text-editor:not(.elementor-drop-cap-view-default) .elementor-drop-cap-letter{width:1em;height:1em}.elementor-widget-text-editor .elementor-drop-cap{float:left;text-align:center;line-height:1;font-size:50px}.elementor-widget-text-editor .elementor-drop-cap-letter{display:inline-block}<\/style>\t\t\t\t<h2>V\u00e4lkommen till The Swedish Typewriter!<\/h2><p>P\u00e5 denna sajt finns skrivmaskiner till salu. De \u00e4r tillverkade mellan \u00e5r 1900 och 1975, och \u00e4r mer eller mindre begagnade.<\/p><p>Under \u201d<a href=\"https:\/\/swedishtypewriter.com\/sv\/produkt-kategori\/in-stock\/\">I lager<\/a>\u201d hittar du skrivmaskiner som \u00e4r servade och klara f\u00f6r omg\u00e5ende leverans. Bara att s\u00e4tta i ett papper och b\u00f6rja skriva! <a href=\"mailto:adam@kulladal.com\">(Maila mig<\/a> om du har fr\u00e5gor.)<\/p><p>I \"<a href=\"https:\/\/swedishtypewriter.com\/sv\/produkt-kategori\/non-serviced\/\">Oservat<\/a>\" finns skrivmaskiner f\u00f6r dig som vill fixa och meka lite sj\u00e4lv. Dessa \u00e4r i regel billigare, och i varierande skick. De \u00e4r inte servade utan kan beh\u00f6va reng\u00f6ring, sm\u00f6rjning och nytt f\u00e4rgband.<\/p><p>De \u00e4r funktionstestade och eventuella defekter \u00e4r beskrivna och\/eller syns p\u00e5 bilderna.<\/p><p>Under \u201d<a href=\"https:\/\/swedishtypewriter.com\/sv\/produkt-kategori\/incoming\/\">Inkommande<\/a>\" finns skrivmaskiner som inte \u00e4r unders\u00f6kta \u00e4n. Om du ser en skrivmaskin i den h\u00e4r kategorien, men \u00f6nskar att f\u00e5 den servad, <a href=\"mailto:adam@kulladal.com\">h\u00f6r av dig!<\/a>!<\/p><h3>Vad du kan f\u00f6rv\u00e4nta dig om du k\u00f6per en skrivmaskin fr\u00e5n The Swedish Typewriter<\/h3><p>Alla skrivmaskiner som \u00e4r \u201di lager\u201d \u00e4r fullt fungerande. Eventuella defekter \u00e4r beskrivna i produkttexten.<\/p><p>Alla skrivmaskiner \u00e4r, av naturliga sk\u00e4l, r\u00e4tt gamla. De har mer eller mindre repor och skavm\u00e4rken \u2013 se bilder f\u00f6r att bed\u00f6ma skicket \u2013 och ibland har de en \u201dgammal lukt\u201d, trots att de \u00e4r rengjorda.<\/p><h3>Vad menas med att skrivmaskinerna \u00e4r servade?<\/h3><p>Det betyder att de \u00e4r funktionstestade, uppsmorda och rengjorda. Det betyder d\u00e4remot inte att de \u00e4r totalrenoverade \u2013 de har i regel inte f\u00e5tt nytt gummi, ny vals, nya f\u00f6tter eller liknande.<\/p><h3>Bakgrunden till The Swedish Typewriter<\/h3><p>Jag fick min f\u00f6rsta skrivmaskin n\u00e4r jag var nio \u00e5r, p\u00e5 julafton 1990. Det var en elektrisk Esselte 80 som jag skrev massor med. Tills familjen k\u00f6pte en PC med ordbehandlare, som gjorde att skrivmaskinen pl\u00f6tsligt k\u00e4ndes omodern.<\/p><p>Sedan tog jag en 30-\u00e5rig paus fr\u00e5n skrivmaskinsv\u00e4rlden. Tills jag en v\u00e5rdag 2022 l\u00e4ste i John MacPhees bok \u201dDraft No 4\u201d om f\u00f6rfattare som skriver p\u00e5 maskin, och min f\u00f6rsta tanke var: Vilka bak\u00e5tstr\u00e4vare! Min andra tanke var: De \u00e4r kanske r\u00e4tt smarta \u00e4nd\u00e5!<\/p><p>Det finns m\u00e5nga anledning att gilla skrivmaskiner. Det kan handla om att man gillar designspr\u00e5ket fr\u00e5n f\u00f6rra \u00e5rhundradet. Eller att man uppskattar det mekaniska m\u00e4sterverk varje maskin \u2013 som best\u00e5r av omkring 1500 delar \u2013 faktiskt \u00e4r.<\/p><p>F\u00f6r min personliga del handlar det mest om skrivprocessen. Att kunna skriva distraktionsfritt \u2013 jag l\u00e4gger telefonen i ett annat rum, och kan sedan skriva utan att bli st\u00f6rd at pingar och buzzar. Dessutom \u00e4r det r\u00e4tt befriande att inte kunna redigera texten samtidigt som jag skriver \u2013 ist\u00e4llet scannar jag sedan in min text med en OCR-l\u00e4sare, som konverterar den maskinskrivna texten till en digital fil.<\/p><p>Jag som driver The Swedish Typewriter heter Adam Haglund, bor i Malm\u00f6 och \u00e4r entrepren\u00f6r. Mitt riktiga jobb \u00e4r att driva k\u00f6ksf\u00f6retaget <a href=\"https:\/\/www.kulladal.com\">Kulladal<\/a> \u2013 skrivmaskinerna \u00e4r hittills bara en hobby. Syftet med denna webshop \u00e4r fr\u00e4mst att begr\u00e4nsa m\u00e4ngden skrivmaskiner som ackumulerats hos mig. :-)<\/p>\t\t\t\t\t\t<\/div>\n\t\t\t\t<\/div>\n\t\t\t\t\t<\/div>\n\t\t<\/div>\n\t\t\t\t<div class=\"elementor-column elementor-col-50 elementor-top-column elementor-element elementor-element-43e88a11\" data-id=\"43e88a11\" data-element_type=\"column\">\n\t\t\t<div class=\"elementor-widget-wrap elementor-element-populated\">\n\t\t\t\t\t\t\t\t<div class=\"elementor-element elementor-element-c0d7bef elementor-widget elementor-widget-shortcode\" data-id=\"c0d7bef\" data-element_type=\"widget\" data-widget_type=\"shortcode.default\">\n\t\t\t\t<div class=\"elementor-widget-container\">\n\t\t\t\t\t<div class=\"elementor-shortcode\"><div class=\"woocommerce columns-1\"><ul class=\"products columns-1\">\n<li class=\"desktop-align-left tablet-align-left mobile-align-left product type-product post-7721 status-publish first instock product_cat-non-serviced has-post-thumbnail sold-individually purchasable product-type-simple\">\n\t<\/li>\n<li class=\"desktop-align-left tablet-align-left mobile-align-left product type-product post-7716 status-publish first instock product_cat-non-serviced has-post-thumbnail sold-individually purchasable product-type-variable\">\n\t<\/li>\n<\/ul>\n<\/div><\/div>\n\t\t\t\t<\/div>\n\t\t\t\t<\/div>\n\t\t\t\t\t<\/div>\n\t\t<\/div>\n\t\t\t\t\t\t\t<\/div>\n\t\t<\/section>\n\t\t\t\t\t\t\t<\/div>","protected":false},"excerpt":{"rendered":"<p>Welcome to The Swedish Typewriter! On this website, you will find typewriters for sale. They were manufactured between the years 1900 and 1975 and are more or less used. Under the &#8216;In Stock&#8216; section, you will find typewriters that have been serviced and are ready for immediate delivery. Just insert a sheet of paper and &hellip;<\/p>\n<p class=\"read-more\"> <a class=\"\" href=\"https:\/\/swedishtypewriter.com\/sv\/\"> <span class=\"screen-reader-text\">About Us<\/span> L\u00e4s mer &raquo;<\/a><\/p>","protected":false},"author":1,"featured_media":0,"parent":0,"menu_order":0,"comment_status":"closed","ping_status":"closed","template":"","meta":{"site-sidebar-layout":"no-sidebar","site-content-layout":"page-builder","ast-global-header-display":"","ast-banner-title-visibility":"","ast-main-header-display":"","ast-hfb-above-header-display":"","ast-hfb-below-header-display":"","ast-hfb-mobile-header-display":"","site-post-title":"disabled","ast-breadcrumbs-content":"","ast-featured-img":"disabled","footer-sml-layout":"","theme-transparent-header-meta":"enabled","adv-header-id-meta":"","stick-header-meta":"","header-above-stick-meta":"","header-main-stick-meta":"","header-below-stick-meta":"","footnotes":""},"class_list":["post-5677","page","type-page","status-publish","hentry"],"_links":{"self":[{"href":"https:\/\/swedishtypewriter.com\/sv\/wp-json\/wp\/v2\/pages\/5677","targetHints":{"allow":["GET"]}}],"collection":[{"href":"https:\/\/swedishtypewriter.com\/sv\/wp-json\/wp\/v2\/pages"}],"about":[{"href":"https:\/\/swedishtypewriter.com\/sv\/wp-json\/wp\/v2\/types\/page"}],"author":[{"embeddable":true,"href":"https:\/\/swedishtypewriter.com\/sv\/wp-json\/wp\/v2\/users\/1"}],"replies":[{"embeddable":true,"href":"https:\/\/swedishtypewriter.com\/sv\/wp-json\/wp\/v2\/comments?post=5677"}],"version-history":[{"count":75,"href":"https:\/\/swedishtypewriter.com\/sv\/wp-json\/wp\/v2\/pages\/5677\/revisions"}],"predecessor-version":[{"id":6911,"href":"https:\/\/swedishtypewriter.com\/sv\/wp-json\/wp\/v2\/pages\/5677\/revisions\/6911"}],"wp:attachment":[{"href":"https:\/\/swedishtypewriter.com\/sv\/wp-json\/wp\/v2\/media?parent=5677"}],"curies":[{"name":"wp","href":"https:\/\/api.w.org\/{rel}","templated":true}]}}