{"id":6145,"date":"2022-12-05T08:11:08","date_gmt":"2022-12-05T08:11:08","guid":{"rendered":"https:\/\/swedishtypewriter.com\/product\/olympia-sg3\/"},"modified":"2023-05-29T06:46:02","modified_gmt":"2023-05-29T06:46:02","slug":"olympia-sg3","status":"publish","type":"product","link":"https:\/\/swedishtypewriter.com\/sv\/produkt\/olympia-sg3\/","title":{"rendered":"Olympia SG3"},"content":{"rendered":"","protected":false},"excerpt":{"rendered":"<p>Stor och rej\u00e4l maskin, tysk kvalitet. Inte en maskin man flyttar runt p\u00e5, utan den kr\u00e4ver sin plats. Om den hittar en s\u00e5dan plats (vilken den inte gjort hos mig) s\u00e5 kan den skriva bra och l\u00e4nge. Och fint.<\/p>\n<p>Den \u00e4r servad och genomg\u00e5ngen. Estetiskt \u00e4r den i OK skick, men lite repor och skav etc finns. Fullt fungerande!<\/p>","protected":false},"featured_media":6027,"template":"","meta":{"site-sidebar-layout":"default","site-content-layout":"default","ast-global-header-display":"","ast-banner-title-visibility":"","ast-main-header-display":"","ast-hfb-above-header-display":"","ast-hfb-below-header-display":"","ast-hfb-mobile-header-display":"","site-post-title":"","ast-breadcrumbs-content":"","ast-featured-img":"","footer-sml-layout":"","theme-transparent-header-meta":"default","adv-header-id-meta":"","stick-header-meta":"","header-above-stick-meta":"","header-main-stick-meta":"","header-below-stick-meta":""},"product_cat":[193],"product_tag":[],"class_list":["post-6145","product","type-product","status-publish","has-post-thumbnail","hentry","product_cat-sold","desktop-align-left","tablet-align-left","mobile-align-left"],"_links":{"self":[{"href":"https:\/\/swedishtypewriter.com\/sv\/wp-json\/wp\/v2\/product\/6145","targetHints":{"allow":["GET"]}}],"collection":[{"href":"https:\/\/swedishtypewriter.com\/sv\/wp-json\/wp\/v2\/product"}],"about":[{"href":"https:\/\/swedishtypewriter.com\/sv\/wp-json\/wp\/v2\/types\/product"}],"wp:featuredmedia":[{"embeddable":true,"href":"https:\/\/swedishtypewriter.com\/sv\/wp-json\/wp\/v2\/media\/6027"}],"wp:attachment":[{"href":"https:\/\/swedishtypewriter.com\/sv\/wp-json\/wp\/v2\/media?parent=6145"}],"wp:term":[{"taxonomy":"product_cat","embeddable":true,"href":"https:\/\/swedishtypewriter.com\/sv\/wp-json\/wp\/v2\/product_cat?post=6145"},{"taxonomy":"product_tag","embeddable":true,"href":"https:\/\/swedishtypewriter.com\/sv\/wp-json\/wp\/v2\/product_tag?post=6145"}],"curies":[{"name":"wp","href":"https:\/\/api.w.org\/{rel}","templated":true}]}}