{"id":6147,"date":"2022-12-05T08:11:08","date_gmt":"2022-12-05T08:11:08","guid":{"rendered":"https:\/\/swedishtypewriter.com\/product\/triumph-gabriele-10\/"},"modified":"2023-05-29T06:46:21","modified_gmt":"2023-05-29T06:46:21","slug":"triumph-gabriele-10","status":"publish","type":"product","link":"https:\/\/swedishtypewriter.com\/sv\/produkt\/triumph-gabriele-10\/","title":{"rendered":"Triumph Gabriele 10"},"content":{"rendered":"","protected":false},"excerpt":{"rendered":"<p>Det h\u00e4r \u00e4r en maskin som jag k\u00f6pte men som jag aldrig kommit mig f\u00f6r att titta n\u00e4rmare p\u00e5. Den fungerar, men jag har inte servat eller rengjort den. Det \u00e4r dags f\u00f6r n\u00e5gon annan att ta \u00f6ver den och ge den den uppm\u00e4rksamhet den f\u00f6rtj\u00e4nar, f\u00f6r det \u00e4r i grunden en v\u00e4ldigt bra och fin skrivmaskin. Tillverkad i V\u00e4sttyskland p\u00e5 den tiden man inte sn\u00e5lade in p\u00e5 kvalitet eller materialval.<\/p>","protected":false},"featured_media":6075,"template":"","meta":{"site-sidebar-layout":"default","site-content-layout":"default","ast-global-header-display":"","ast-banner-title-visibility":"","ast-main-header-display":"","ast-hfb-above-header-display":"","ast-hfb-below-header-display":"","ast-hfb-mobile-header-display":"","site-post-title":"","ast-breadcrumbs-content":"","ast-featured-img":"","footer-sml-layout":"","theme-transparent-header-meta":"default","adv-header-id-meta":"","stick-header-meta":"","header-above-stick-meta":"","header-main-stick-meta":"","header-below-stick-meta":""},"product_cat":[193],"product_tag":[],"class_list":["post-6147","product","type-product","status-publish","has-post-thumbnail","hentry","product_cat-sold","desktop-align-left","tablet-align-left","mobile-align-left"],"_links":{"self":[{"href":"https:\/\/swedishtypewriter.com\/sv\/wp-json\/wp\/v2\/product\/6147","targetHints":{"allow":["GET"]}}],"collection":[{"href":"https:\/\/swedishtypewriter.com\/sv\/wp-json\/wp\/v2\/product"}],"about":[{"href":"https:\/\/swedishtypewriter.com\/sv\/wp-json\/wp\/v2\/types\/product"}],"wp:featuredmedia":[{"embeddable":true,"href":"https:\/\/swedishtypewriter.com\/sv\/wp-json\/wp\/v2\/media\/6075"}],"wp:attachment":[{"href":"https:\/\/swedishtypewriter.com\/sv\/wp-json\/wp\/v2\/media?parent=6147"}],"wp:term":[{"taxonomy":"product_cat","embeddable":true,"href":"https:\/\/swedishtypewriter.com\/sv\/wp-json\/wp\/v2\/product_cat?post=6147"},{"taxonomy":"product_tag","embeddable":true,"href":"https:\/\/swedishtypewriter.com\/sv\/wp-json\/wp\/v2\/product_tag?post=6147"}],"curies":[{"name":"wp","href":"https:\/\/api.w.org\/{rel}","templated":true}]}}