{"id":6153,"date":"2022-12-05T08:11:08","date_gmt":"2022-12-05T08:11:08","guid":{"rendered":"https:\/\/swedishtypewriter.com\/product\/underwood-universal\/"},"modified":"2023-05-29T06:46:32","modified_gmt":"2023-05-29T06:46:32","slug":"underwood-universal","status":"publish","type":"product","link":"https:\/\/swedishtypewriter.com\/sv\/produkt\/underwood-universal\/","title":{"rendered":"Underwood Universal"},"content":{"rendered":"","protected":false},"excerpt":{"rendered":"<p>Underwood \u00e4r i mitt tycke ett underskattat m\u00e4rke i skrivmaskinsv\u00e4rlden. Denna Universal \u00e4r liten och l\u00e4tt \u2013 perfekt f\u00f6r resan \u2013 och egentligen r\u00e4tt \"budget\" (saknar tab-funktion, tex), men \u00e4r v\u00e4ldigt trevlig att anv\u00e4nda. Bra anslagsk\u00e4nsla, och den skriver fint. F\u00e4rgen kallas ibland \"Office gray\" \u2013 sobert snygg.<\/p>\n<p>Enda k\u00e4nda defekten \u00e4r \"skipping\", att den ibland hoppar ett extra steg efter en bokstav (se textprovet) \u2013 inget st\u00f6rre problem, och kanske \u00e4r det mer relaterat till skrivteknik \u00e4n skrivmaskinen i sig.<\/p>\n<p>Instruktionsbok, original, ing\u00e5r, liksom v\u00e4skan som \u00e4r i fint skick. Maskinen \u00e4r rengjord och servad, och har ett nytt f\u00e4rgband.<\/p>","protected":false},"featured_media":6083,"template":"","meta":{"site-sidebar-layout":"default","site-content-layout":"default","ast-global-header-display":"","ast-banner-title-visibility":"","ast-main-header-display":"","ast-hfb-above-header-display":"","ast-hfb-below-header-display":"","ast-hfb-mobile-header-display":"","site-post-title":"","ast-breadcrumbs-content":"","ast-featured-img":"","footer-sml-layout":"","theme-transparent-header-meta":"default","adv-header-id-meta":"","stick-header-meta":"","header-above-stick-meta":"","header-main-stick-meta":"","header-below-stick-meta":""},"product_cat":[193],"product_tag":[],"class_list":["post-6153","product","type-product","status-publish","has-post-thumbnail","hentry","product_cat-sold","desktop-align-left","tablet-align-left","mobile-align-left"],"_links":{"self":[{"href":"https:\/\/swedishtypewriter.com\/sv\/wp-json\/wp\/v2\/product\/6153","targetHints":{"allow":["GET"]}}],"collection":[{"href":"https:\/\/swedishtypewriter.com\/sv\/wp-json\/wp\/v2\/product"}],"about":[{"href":"https:\/\/swedishtypewriter.com\/sv\/wp-json\/wp\/v2\/types\/product"}],"wp:featuredmedia":[{"embeddable":true,"href":"https:\/\/swedishtypewriter.com\/sv\/wp-json\/wp\/v2\/media\/6083"}],"wp:attachment":[{"href":"https:\/\/swedishtypewriter.com\/sv\/wp-json\/wp\/v2\/media?parent=6153"}],"wp:term":[{"taxonomy":"product_cat","embeddable":true,"href":"https:\/\/swedishtypewriter.com\/sv\/wp-json\/wp\/v2\/product_cat?post=6153"},{"taxonomy":"product_tag","embeddable":true,"href":"https:\/\/swedishtypewriter.com\/sv\/wp-json\/wp\/v2\/product_tag?post=6153"}],"curies":[{"name":"wp","href":"https:\/\/api.w.org\/{rel}","templated":true}]}}