{"id":6155,"date":"2023-05-22T09:34:33","date_gmt":"2023-05-22T09:34:33","guid":{"rendered":"https:\/\/swedishtypewriter.com\/product\/hermes-2000\/"},"modified":"2024-03-31T12:02:45","modified_gmt":"2024-03-31T12:02:45","slug":"hermes-2000","status":"publish","type":"product","link":"https:\/\/swedishtypewriter.com\/sv\/produkt\/hermes-2000\/","title":{"rendered":"Hermes 2000"},"content":{"rendered":"","protected":false},"excerpt":{"rendered":"<p>En fin Hermes, kolsvart, med elite-font och matematik-symboler. Ovanlig kombo! Denna \u00e4r i fullt fungerande skick, beh\u00f6ver bara f\u00e4rgband och en reng\u00f6ring\/service.<\/p>","protected":false},"featured_media":6690,"template":"","meta":{"site-sidebar-layout":"default","site-content-layout":"default","ast-global-header-display":"","ast-banner-title-visibility":"","ast-main-header-display":"","ast-hfb-above-header-display":"","ast-hfb-below-header-display":"","ast-hfb-mobile-header-display":"","site-post-title":"","ast-breadcrumbs-content":"","ast-featured-img":"","footer-sml-layout":"","theme-transparent-header-meta":"default","adv-header-id-meta":"","stick-header-meta":"","header-above-stick-meta":"","header-main-stick-meta":"","header-below-stick-meta":""},"product_cat":[193],"product_tag":[],"class_list":["post-6155","product","type-product","status-publish","has-post-thumbnail","hentry","product_cat-sold","desktop-align-left","tablet-align-left","mobile-align-left"],"_links":{"self":[{"href":"https:\/\/swedishtypewriter.com\/sv\/wp-json\/wp\/v2\/product\/6155","targetHints":{"allow":["GET"]}}],"collection":[{"href":"https:\/\/swedishtypewriter.com\/sv\/wp-json\/wp\/v2\/product"}],"about":[{"href":"https:\/\/swedishtypewriter.com\/sv\/wp-json\/wp\/v2\/types\/product"}],"wp:featuredmedia":[{"embeddable":true,"href":"https:\/\/swedishtypewriter.com\/sv\/wp-json\/wp\/v2\/media\/6690"}],"wp:attachment":[{"href":"https:\/\/swedishtypewriter.com\/sv\/wp-json\/wp\/v2\/media?parent=6155"}],"wp:term":[{"taxonomy":"product_cat","embeddable":true,"href":"https:\/\/swedishtypewriter.com\/sv\/wp-json\/wp\/v2\/product_cat?post=6155"},{"taxonomy":"product_tag","embeddable":true,"href":"https:\/\/swedishtypewriter.com\/sv\/wp-json\/wp\/v2\/product_tag?post=6155"}],"curies":[{"name":"wp","href":"https:\/\/api.w.org\/{rel}","templated":true}]}}