{"id":6156,"date":"2022-12-05T08:11:08","date_gmt":"2022-12-05T08:11:08","guid":{"rendered":"https:\/\/swedishtypewriter.com\/product\/hermes-media-3\/"},"modified":"2023-05-29T06:46:51","modified_gmt":"2023-05-29T06:46:51","slug":"hermes-media-3","status":"publish","type":"product","link":"https:\/\/swedishtypewriter.com\/sv\/produkt\/hermes-media-3\/","title":{"rendered":"Hermes Media 3"},"content":{"rendered":"","protected":false},"excerpt":{"rendered":"<p>Detta \u00e4r ett fint exemplar av en Hermes fr\u00e5n mitten av 60-talet \u2013 kurvig modell i kul\u00f6ren \"sea foam\", eller \"mintgr\u00f6n\". Det \u00e4r ett smycke! Och samtidigt en mycket kompetent arbetsh\u00e4st.<\/p>\n<p>The difference with the Hermes 3000 \u2013 which looks almost identical \u2013 is that it lacks touch control, tab function and &#8220;magic margins&#8221; \u2013 functions that you can honestly do well without.<\/p>\n<p>Skillnaden mot Hermes 3000 \u2013 som ser n\u00e4stan identisk ut \u2013 \u00e4r att denna saknar touch control, tabulatorfunktion och \"magic margins\" \u2013 funktioner som man \u00e4rligt talat klarar sig bra utan.<\/p>\n<p>Inga k\u00e4nda defekter, den \u00e4r fullt fungerande. Estetiskt har den n\u00e5gra skrapm\u00e4rken etc, och den lilla \"gaffeln\" \u2013 i centrum d\u00e4r typarmarna tr\u00e4ffar pappret \u2013 \u00e4r delvis avbruten. Se bilder. Det \u00e4r dock inget som p\u00e5verkar funktionen.<\/p>\n<p>Servad och rengjord. Putsad. Ocks\u00e5 v\u00e4skan \u00e4r fin och ren. Nytt f\u00e4rgband \u00e4r installerat.<\/p>","protected":false},"featured_media":6058,"template":"","meta":{"site-sidebar-layout":"default","site-content-layout":"default","ast-global-header-display":"","ast-banner-title-visibility":"","ast-main-header-display":"","ast-hfb-above-header-display":"","ast-hfb-below-header-display":"","ast-hfb-mobile-header-display":"","site-post-title":"","ast-breadcrumbs-content":"","ast-featured-img":"","footer-sml-layout":"","theme-transparent-header-meta":"default","adv-header-id-meta":"","stick-header-meta":"","header-above-stick-meta":"","header-main-stick-meta":"","header-below-stick-meta":""},"product_cat":[193],"product_tag":[],"class_list":["post-6156","product","type-product","status-publish","has-post-thumbnail","hentry","product_cat-sold","desktop-align-left","tablet-align-left","mobile-align-left"],"_links":{"self":[{"href":"https:\/\/swedishtypewriter.com\/sv\/wp-json\/wp\/v2\/product\/6156","targetHints":{"allow":["GET"]}}],"collection":[{"href":"https:\/\/swedishtypewriter.com\/sv\/wp-json\/wp\/v2\/product"}],"about":[{"href":"https:\/\/swedishtypewriter.com\/sv\/wp-json\/wp\/v2\/types\/product"}],"wp:featuredmedia":[{"embeddable":true,"href":"https:\/\/swedishtypewriter.com\/sv\/wp-json\/wp\/v2\/media\/6058"}],"wp:attachment":[{"href":"https:\/\/swedishtypewriter.com\/sv\/wp-json\/wp\/v2\/media?parent=6156"}],"wp:term":[{"taxonomy":"product_cat","embeddable":true,"href":"https:\/\/swedishtypewriter.com\/sv\/wp-json\/wp\/v2\/product_cat?post=6156"},{"taxonomy":"product_tag","embeddable":true,"href":"https:\/\/swedishtypewriter.com\/sv\/wp-json\/wp\/v2\/product_tag?post=6156"}],"curies":[{"name":"wp","href":"https:\/\/api.w.org\/{rel}","templated":true}]}}