{"id":6159,"date":"2022-12-05T08:11:08","date_gmt":"2022-12-05T08:11:08","guid":{"rendered":"https:\/\/swedishtypewriter.com\/product\/groma-modell-n\/"},"modified":"2023-05-29T06:45:54","modified_gmt":"2023-05-29T06:45:54","slug":"groma-modell-n","status":"publish","type":"product","link":"https:\/\/swedishtypewriter.com\/sv\/produkt\/groma-modell-n\/","title":{"rendered":"Groma Modell N"},"content":{"rendered":"","protected":false},"excerpt":{"rendered":"<p>Inte funktionstestad eller genomg\u00e5ngen \u00e4n. Till salu, men har ingen prislapp. Om du \u00e4r intresserad av denna, kontakta mig.<\/p>","protected":false},"featured_media":6056,"template":"","meta":{"site-sidebar-layout":"default","site-content-layout":"default","ast-global-header-display":"","ast-banner-title-visibility":"","ast-main-header-display":"","ast-hfb-above-header-display":"","ast-hfb-below-header-display":"","ast-hfb-mobile-header-display":"","site-post-title":"","ast-breadcrumbs-content":"","ast-featured-img":"","footer-sml-layout":"","theme-transparent-header-meta":"default","adv-header-id-meta":"","stick-header-meta":"","header-above-stick-meta":"","header-main-stick-meta":"","header-below-stick-meta":""},"product_cat":[193],"product_tag":[],"class_list":["post-6159","product","type-product","status-publish","has-post-thumbnail","hentry","product_cat-sold","desktop-align-left","tablet-align-left","mobile-align-left"],"_links":{"self":[{"href":"https:\/\/swedishtypewriter.com\/sv\/wp-json\/wp\/v2\/product\/6159","targetHints":{"allow":["GET"]}}],"collection":[{"href":"https:\/\/swedishtypewriter.com\/sv\/wp-json\/wp\/v2\/product"}],"about":[{"href":"https:\/\/swedishtypewriter.com\/sv\/wp-json\/wp\/v2\/types\/product"}],"wp:featuredmedia":[{"embeddable":true,"href":"https:\/\/swedishtypewriter.com\/sv\/wp-json\/wp\/v2\/media\/6056"}],"wp:attachment":[{"href":"https:\/\/swedishtypewriter.com\/sv\/wp-json\/wp\/v2\/media?parent=6159"}],"wp:term":[{"taxonomy":"product_cat","embeddable":true,"href":"https:\/\/swedishtypewriter.com\/sv\/wp-json\/wp\/v2\/product_cat?post=6159"},{"taxonomy":"product_tag","embeddable":true,"href":"https:\/\/swedishtypewriter.com\/sv\/wp-json\/wp\/v2\/product_tag?post=6159"}],"curies":[{"name":"wp","href":"https:\/\/api.w.org\/{rel}","templated":true}]}}