{"id":6168,"date":"2023-05-22T09:34:29","date_gmt":"2023-05-22T09:34:29","guid":{"rendered":"https:\/\/swedishtypewriter.com\/product\/corona-3\/"},"modified":"2024-06-30T20:16:08","modified_gmt":"2024-06-30T20:16:08","slug":"corona-3","status":"publish","type":"product","link":"https:\/\/swedishtypewriter.com\/sv\/produkt\/corona-3\/","title":{"rendered":"Corona 3"},"content":{"rendered":"","protected":false},"excerpt":{"rendered":"<p>Denna skrivmaskin \u00e4gdes ursprungligen av en predikant i Sm\u00e5land, som gick med p\u00e5 att s\u00e4lja den p\u00e5 ett villkor: Skriv inga svordomar med den!<\/p>\n<p>Maskinen \u00e4r i gott skick, allt fungerar. Jag har plockat ner den och rengjort varje typarm. Liten och l\u00e4tt maskin. Kanske inte n\u00e5got f\u00f6r den stora romanen, men absolut f\u00f6r poesi eller brev!<\/p>","protected":false},"featured_media":6453,"template":"","meta":{"site-sidebar-layout":"default","site-content-layout":"default","ast-global-header-display":"","ast-banner-title-visibility":"","ast-main-header-display":"","ast-hfb-above-header-display":"","ast-hfb-below-header-display":"","ast-hfb-mobile-header-display":"","site-post-title":"","ast-breadcrumbs-content":"","ast-featured-img":"","footer-sml-layout":"","theme-transparent-header-meta":"default","adv-header-id-meta":"","stick-header-meta":"","header-above-stick-meta":"","header-main-stick-meta":"","header-below-stick-meta":""},"product_cat":[193],"product_tag":[],"class_list":["post-6168","product","type-product","status-publish","has-post-thumbnail","hentry","product_cat-sold","desktop-align-left","tablet-align-left","mobile-align-left"],"_links":{"self":[{"href":"https:\/\/swedishtypewriter.com\/sv\/wp-json\/wp\/v2\/product\/6168","targetHints":{"allow":["GET"]}}],"collection":[{"href":"https:\/\/swedishtypewriter.com\/sv\/wp-json\/wp\/v2\/product"}],"about":[{"href":"https:\/\/swedishtypewriter.com\/sv\/wp-json\/wp\/v2\/types\/product"}],"wp:featuredmedia":[{"embeddable":true,"href":"https:\/\/swedishtypewriter.com\/sv\/wp-json\/wp\/v2\/media\/6453"}],"wp:attachment":[{"href":"https:\/\/swedishtypewriter.com\/sv\/wp-json\/wp\/v2\/media?parent=6168"}],"wp:term":[{"taxonomy":"product_cat","embeddable":true,"href":"https:\/\/swedishtypewriter.com\/sv\/wp-json\/wp\/v2\/product_cat?post=6168"},{"taxonomy":"product_tag","embeddable":true,"href":"https:\/\/swedishtypewriter.com\/sv\/wp-json\/wp\/v2\/product_tag?post=6168"}],"curies":[{"name":"wp","href":"https:\/\/api.w.org\/{rel}","templated":true}]}}