{"id":6173,"date":"2023-05-22T09:34:29","date_gmt":"2023-05-22T09:34:29","guid":{"rendered":"https:\/\/swedishtypewriter.com\/product\/olympia-progress\/"},"modified":"2023-11-26T07:31:21","modified_gmt":"2023-11-26T07:31:21","slug":"olympia-progress","status":"publish","type":"product","link":"https:\/\/swedishtypewriter.com\/sv\/produkt\/olympia-progress\/","title":{"rendered":"Olympia Progress"},"content":{"rendered":"","protected":false},"excerpt":{"rendered":"<p>Cool maskin tillverkad i Tyskland under krigs\u00e5ren. 80 \u00e5r senare fungerar den fortfarande, bara n\u00e5gra tr\u00f6ga tangenter \u2013 det l\u00f6ser sig med en reng\u00f6ring och sm\u00f6rjning.<br \/>\nV\u00e4skans l\u00e5s \u00e4r b\u00f6jt och h\u00e5ller inte ihop \u2013 om man ska b\u00e4ra runt p\u00e5 den f\u00e5r man s\u00e4tta en rem runt.<\/p>","protected":false},"featured_media":6460,"template":"","meta":{"site-sidebar-layout":"default","site-content-layout":"default","ast-global-header-display":"","ast-banner-title-visibility":"","ast-main-header-display":"","ast-hfb-above-header-display":"","ast-hfb-below-header-display":"","ast-hfb-mobile-header-display":"","site-post-title":"","ast-breadcrumbs-content":"","ast-featured-img":"","footer-sml-layout":"","theme-transparent-header-meta":"default","adv-header-id-meta":"","stick-header-meta":"","header-above-stick-meta":"","header-main-stick-meta":"","header-below-stick-meta":""},"product_cat":[193],"product_tag":[],"class_list":["post-6173","product","type-product","status-publish","has-post-thumbnail","hentry","product_cat-sold","desktop-align-left","tablet-align-left","mobile-align-left"],"_links":{"self":[{"href":"https:\/\/swedishtypewriter.com\/sv\/wp-json\/wp\/v2\/product\/6173","targetHints":{"allow":["GET"]}}],"collection":[{"href":"https:\/\/swedishtypewriter.com\/sv\/wp-json\/wp\/v2\/product"}],"about":[{"href":"https:\/\/swedishtypewriter.com\/sv\/wp-json\/wp\/v2\/types\/product"}],"wp:featuredmedia":[{"embeddable":true,"href":"https:\/\/swedishtypewriter.com\/sv\/wp-json\/wp\/v2\/media\/6460"}],"wp:attachment":[{"href":"https:\/\/swedishtypewriter.com\/sv\/wp-json\/wp\/v2\/media?parent=6173"}],"wp:term":[{"taxonomy":"product_cat","embeddable":true,"href":"https:\/\/swedishtypewriter.com\/sv\/wp-json\/wp\/v2\/product_cat?post=6173"},{"taxonomy":"product_tag","embeddable":true,"href":"https:\/\/swedishtypewriter.com\/sv\/wp-json\/wp\/v2\/product_tag?post=6173"}],"curies":[{"name":"wp","href":"https:\/\/api.w.org\/{rel}","templated":true}]}}