{"id":6178,"date":"2023-05-22T09:34:29","date_gmt":"2023-05-22T09:34:29","guid":{"rendered":"https:\/\/swedishtypewriter.com\/product\/olivetti-lettera-22\/"},"modified":"2023-05-29T06:48:14","modified_gmt":"2023-05-29T06:48:14","slug":"olivetti-lettera-22","status":"publish","type":"product","link":"https:\/\/swedishtypewriter.com\/sv\/produkt\/olivetti-lettera-22\/","title":{"rendered":"Olivetti Lettera 22"},"content":{"rendered":"","protected":false},"excerpt":{"rendered":"<p>\u00c4nnu en Lettera 22, fungerande men inte servad och rengjord. Inga direkta problem med den. Det \u00e4r bara att s\u00e4tta i ett nytt f\u00e4rgband och bl\u00e5sa bort dammet, s\u00e5 \u00e4r den redo att k\u00f6ra.<\/p>","protected":false},"featured_media":6560,"template":"","meta":{"site-sidebar-layout":"default","site-content-layout":"default","ast-global-header-display":"","ast-banner-title-visibility":"","ast-main-header-display":"","ast-hfb-above-header-display":"","ast-hfb-below-header-display":"","ast-hfb-mobile-header-display":"","site-post-title":"","ast-breadcrumbs-content":"","ast-featured-img":"","footer-sml-layout":"","theme-transparent-header-meta":"default","adv-header-id-meta":"","stick-header-meta":"","header-above-stick-meta":"","header-main-stick-meta":"","header-below-stick-meta":""},"product_cat":[193],"product_tag":[],"class_list":["post-6178","product","type-product","status-publish","has-post-thumbnail","hentry","product_cat-sold","desktop-align-left","tablet-align-left","mobile-align-left"],"_links":{"self":[{"href":"https:\/\/swedishtypewriter.com\/sv\/wp-json\/wp\/v2\/product\/6178","targetHints":{"allow":["GET"]}}],"collection":[{"href":"https:\/\/swedishtypewriter.com\/sv\/wp-json\/wp\/v2\/product"}],"about":[{"href":"https:\/\/swedishtypewriter.com\/sv\/wp-json\/wp\/v2\/types\/product"}],"wp:featuredmedia":[{"embeddable":true,"href":"https:\/\/swedishtypewriter.com\/sv\/wp-json\/wp\/v2\/media\/6560"}],"wp:attachment":[{"href":"https:\/\/swedishtypewriter.com\/sv\/wp-json\/wp\/v2\/media?parent=6178"}],"wp:term":[{"taxonomy":"product_cat","embeddable":true,"href":"https:\/\/swedishtypewriter.com\/sv\/wp-json\/wp\/v2\/product_cat?post=6178"},{"taxonomy":"product_tag","embeddable":true,"href":"https:\/\/swedishtypewriter.com\/sv\/wp-json\/wp\/v2\/product_tag?post=6178"}],"curies":[{"name":"wp","href":"https:\/\/api.w.org\/{rel}","templated":true}]}}