{"id":6844,"date":"2023-05-22T09:34:29","date_gmt":"2023-05-22T09:34:29","guid":{"rendered":"https:\/\/swedishtypewriter.com\/product\/continental-klein\/"},"modified":"2023-06-12T16:17:32","modified_gmt":"2023-06-12T16:17:32","slug":"continental-klein","status":"publish","type":"product","link":"https:\/\/swedishtypewriter.com\/sv\/produkt\/continental-klein\/","title":{"rendered":"Continental Klein"},"content":{"rendered":"","protected":false},"excerpt":{"rendered":"<p>Vacker maskin fr\u00e5n mellankrigstiden \u2013 ovanlig gr\u00f6n kul\u00f6r. Det syns att den \u00e4r n\u00e4stan 90 \u00e5r gammal - f\u00e4rgen \u00e4r bortskrapad p\u00e5 vissa st\u00e4llen, men funktionen \u00e4r intakt. Maskinen \u00e4r i bra skick, felfri, rengjord och servad. V\u00e4skan \u00e4r i mycket bra skick.<\/p>","protected":false},"featured_media":6665,"template":"","meta":{"site-sidebar-layout":"default","site-content-layout":"default","ast-global-header-display":"","ast-banner-title-visibility":"","ast-main-header-display":"","ast-hfb-above-header-display":"","ast-hfb-below-header-display":"","ast-hfb-mobile-header-display":"","site-post-title":"","ast-breadcrumbs-content":"","ast-featured-img":"","footer-sml-layout":"","theme-transparent-header-meta":"default","adv-header-id-meta":"","stick-header-meta":"","header-above-stick-meta":"","header-main-stick-meta":"","header-below-stick-meta":""},"product_cat":[193],"product_tag":[],"class_list":["post-6844","product","type-product","status-publish","has-post-thumbnail","hentry","product_cat-sold","desktop-align-left","tablet-align-left","mobile-align-left"],"_links":{"self":[{"href":"https:\/\/swedishtypewriter.com\/sv\/wp-json\/wp\/v2\/product\/6844","targetHints":{"allow":["GET"]}}],"collection":[{"href":"https:\/\/swedishtypewriter.com\/sv\/wp-json\/wp\/v2\/product"}],"about":[{"href":"https:\/\/swedishtypewriter.com\/sv\/wp-json\/wp\/v2\/types\/product"}],"wp:featuredmedia":[{"embeddable":true,"href":"https:\/\/swedishtypewriter.com\/sv\/wp-json\/wp\/v2\/media\/6665"}],"wp:attachment":[{"href":"https:\/\/swedishtypewriter.com\/sv\/wp-json\/wp\/v2\/media?parent=6844"}],"wp:term":[{"taxonomy":"product_cat","embeddable":true,"href":"https:\/\/swedishtypewriter.com\/sv\/wp-json\/wp\/v2\/product_cat?post=6844"},{"taxonomy":"product_tag","embeddable":true,"href":"https:\/\/swedishtypewriter.com\/sv\/wp-json\/wp\/v2\/product_tag?post=6844"}],"curies":[{"name":"wp","href":"https:\/\/api.w.org\/{rel}","templated":true}]}}