{"id":6855,"date":"2023-05-22T09:34:33","date_gmt":"2023-05-22T09:34:33","guid":{"rendered":"https:\/\/swedishtypewriter.com\/product\/adler-gabriele-30\/"},"modified":"2024-03-01T14:42:15","modified_gmt":"2024-03-01T14:42:15","slug":"adler-gabriele-30","status":"publish","type":"product","link":"https:\/\/swedishtypewriter.com\/sv\/produkt\/adler-gabriele-30\/","title":{"rendered":"Adler Gabriele 30"},"content":{"rendered":"","protected":false},"excerpt":{"rendered":"<p>Fantastiskt fint skick p\u00e5 denna. Gummit p\u00e5 valsen \u00e4r fortfarande mjukt (beh\u00f6ver bara torkas av s\u00e5 att det vita f\u00f6rsvinner), och allt fungerar perfekt. Vagnen \u00e4r otroligt smooth \u2013 s\u00e5 sk\u00f6n att anv\u00e4nda att du l\u00e4ngtar tills du kommer till slutet av n\u00e4sta rad. \nDamma av maskinen och s\u00e4tt i ett nytt f\u00e4rgband s\u00e5 \u00e4r den redo f\u00f6r mycket skrivande!<\/p>","protected":false},"featured_media":6635,"template":"","meta":{"site-sidebar-layout":"default","site-content-layout":"default","ast-global-header-display":"","ast-banner-title-visibility":"","ast-main-header-display":"","ast-hfb-above-header-display":"","ast-hfb-below-header-display":"","ast-hfb-mobile-header-display":"","site-post-title":"","ast-breadcrumbs-content":"","ast-featured-img":"","footer-sml-layout":"","theme-transparent-header-meta":"default","adv-header-id-meta":"","stick-header-meta":"","header-above-stick-meta":"","header-main-stick-meta":"","header-below-stick-meta":""},"product_cat":[193],"product_tag":[],"class_list":["post-6855","product","type-product","status-publish","has-post-thumbnail","hentry","product_cat-sold","desktop-align-left","tablet-align-left","mobile-align-left"],"_links":{"self":[{"href":"https:\/\/swedishtypewriter.com\/sv\/wp-json\/wp\/v2\/product\/6855","targetHints":{"allow":["GET"]}}],"collection":[{"href":"https:\/\/swedishtypewriter.com\/sv\/wp-json\/wp\/v2\/product"}],"about":[{"href":"https:\/\/swedishtypewriter.com\/sv\/wp-json\/wp\/v2\/types\/product"}],"wp:featuredmedia":[{"embeddable":true,"href":"https:\/\/swedishtypewriter.com\/sv\/wp-json\/wp\/v2\/media\/6635"}],"wp:attachment":[{"href":"https:\/\/swedishtypewriter.com\/sv\/wp-json\/wp\/v2\/media?parent=6855"}],"wp:term":[{"taxonomy":"product_cat","embeddable":true,"href":"https:\/\/swedishtypewriter.com\/sv\/wp-json\/wp\/v2\/product_cat?post=6855"},{"taxonomy":"product_tag","embeddable":true,"href":"https:\/\/swedishtypewriter.com\/sv\/wp-json\/wp\/v2\/product_tag?post=6855"}],"curies":[{"name":"wp","href":"https:\/\/api.w.org\/{rel}","templated":true}]}}