{"id":6859,"date":"2023-05-22T09:34:33","date_gmt":"2023-05-22T09:34:33","guid":{"rendered":"https:\/\/swedishtypewriter.com\/product\/olympia-plana\/"},"modified":"2024-12-04T15:31:33","modified_gmt":"2024-12-04T15:31:33","slug":"olympia-plana","status":"publish","type":"product","link":"https:\/\/swedishtypewriter.com\/sv\/produkt\/olympia-plana\/","title":{"rendered":"Olympia Plana"},"content":{"rendered":"","protected":false},"excerpt":{"rendered":"<p>Den h\u00e4r maskinen \u00e4r jag lite k\u00e4r i f\u00f6r den \u00e4r r\u00e4tt ovanlig och speciell. Tysk modell fr\u00e5n krigs\u00e5ren, i fin vinr\u00f6d finish. Servad och fungerar som den ska, bortsett fr\u00e5n att vibratorn fastnar n\u00e4r man skriver med r\u00f6tt. Det kan man kanske leva med, f\u00f6r i \u00f6vrigt \u00e4r det en liten rar p\u00e4rla.<\/p>","protected":false},"featured_media":7685,"template":"","meta":{"site-sidebar-layout":"default","site-content-layout":"default","ast-global-header-display":"","ast-banner-title-visibility":"","ast-main-header-display":"","ast-hfb-above-header-display":"","ast-hfb-below-header-display":"","ast-hfb-mobile-header-display":"","site-post-title":"","ast-breadcrumbs-content":"","ast-featured-img":"","footer-sml-layout":"","theme-transparent-header-meta":"default","adv-header-id-meta":"","stick-header-meta":"","header-above-stick-meta":"","header-main-stick-meta":"","header-below-stick-meta":""},"product_cat":[193],"product_tag":[],"class_list":["post-6859","product","type-product","status-publish","has-post-thumbnail","hentry","product_cat-sold","desktop-align-left","tablet-align-left","mobile-align-left"],"_links":{"self":[{"href":"https:\/\/swedishtypewriter.com\/sv\/wp-json\/wp\/v2\/product\/6859","targetHints":{"allow":["GET"]}}],"collection":[{"href":"https:\/\/swedishtypewriter.com\/sv\/wp-json\/wp\/v2\/product"}],"about":[{"href":"https:\/\/swedishtypewriter.com\/sv\/wp-json\/wp\/v2\/types\/product"}],"wp:featuredmedia":[{"embeddable":true,"href":"https:\/\/swedishtypewriter.com\/sv\/wp-json\/wp\/v2\/media\/7685"}],"wp:attachment":[{"href":"https:\/\/swedishtypewriter.com\/sv\/wp-json\/wp\/v2\/media?parent=6859"}],"wp:term":[{"taxonomy":"product_cat","embeddable":true,"href":"https:\/\/swedishtypewriter.com\/sv\/wp-json\/wp\/v2\/product_cat?post=6859"},{"taxonomy":"product_tag","embeddable":true,"href":"https:\/\/swedishtypewriter.com\/sv\/wp-json\/wp\/v2\/product_tag?post=6859"}],"curies":[{"name":"wp","href":"https:\/\/api.w.org\/{rel}","templated":true}]}}