{"id":6880,"date":"2023-05-22T10:45:41","date_gmt":"2023-05-22T10:45:41","guid":{"rendered":"https:\/\/swedishtypewriter.com\/product\/hermes-baby-2\/"},"modified":"2023-08-27T06:42:26","modified_gmt":"2023-08-27T06:42:26","slug":"hermes-baby-2","status":"publish","type":"product","link":"https:\/\/swedishtypewriter.com\/sv\/produkt\/hermes-baby-2\/","title":{"rendered":"Hermes Baby"},"content":{"rendered":"","protected":false},"excerpt":{"rendered":"<p>\"Seafoam green\" Hermes i hyfsat skick. All mekanik fungerar. Den beh\u00f6ver en reng\u00f6ring och sm\u00f6rjning, och papperst\u00f6det beh\u00f6ver justeras lite. Det fixar du<\/p>","protected":false},"featured_media":6493,"template":"","meta":{"site-sidebar-layout":"default","site-content-layout":"default","ast-global-header-display":"","ast-banner-title-visibility":"","ast-main-header-display":"","ast-hfb-above-header-display":"","ast-hfb-below-header-display":"","ast-hfb-mobile-header-display":"","site-post-title":"","ast-breadcrumbs-content":"","ast-featured-img":"","footer-sml-layout":"","theme-transparent-header-meta":"default","adv-header-id-meta":"","stick-header-meta":"","header-above-stick-meta":"","header-main-stick-meta":"","header-below-stick-meta":""},"product_cat":[193],"product_tag":[],"class_list":["post-6880","product","type-product","status-publish","has-post-thumbnail","hentry","product_cat-sold","desktop-align-left","tablet-align-left","mobile-align-left"],"_links":{"self":[{"href":"https:\/\/swedishtypewriter.com\/sv\/wp-json\/wp\/v2\/product\/6880","targetHints":{"allow":["GET"]}}],"collection":[{"href":"https:\/\/swedishtypewriter.com\/sv\/wp-json\/wp\/v2\/product"}],"about":[{"href":"https:\/\/swedishtypewriter.com\/sv\/wp-json\/wp\/v2\/types\/product"}],"wp:featuredmedia":[{"embeddable":true,"href":"https:\/\/swedishtypewriter.com\/sv\/wp-json\/wp\/v2\/media\/6493"}],"wp:attachment":[{"href":"https:\/\/swedishtypewriter.com\/sv\/wp-json\/wp\/v2\/media?parent=6880"}],"wp:term":[{"taxonomy":"product_cat","embeddable":true,"href":"https:\/\/swedishtypewriter.com\/sv\/wp-json\/wp\/v2\/product_cat?post=6880"},{"taxonomy":"product_tag","embeddable":true,"href":"https:\/\/swedishtypewriter.com\/sv\/wp-json\/wp\/v2\/product_tag?post=6880"}],"curies":[{"name":"wp","href":"https:\/\/api.w.org\/{rel}","templated":true}]}}