{"id":7166,"date":"2023-10-28T08:37:03","date_gmt":"2023-10-28T08:37:03","guid":{"rendered":"https:\/\/swedishtypewriter.com\/?post_type=product&#038;p=7166"},"modified":"2023-11-28T16:44:15","modified_gmt":"2023-11-28T16:44:15","slug":"everest-90-copy","status":"publish","type":"product","link":"https:\/\/swedishtypewriter.com\/sv\/produkt\/everest-90-copy\/","title":{"rendered":"Everest 90"},"content":{"rendered":"","protected":false},"excerpt":{"rendered":"<p><span data-sheets-value=\"{&quot;1&quot;:2,&quot;2&quot;:&quot;Very nice typewriter with a new rubber roller. Unique keys for this model (which usually has glass keys with metal rings). It also has an unusually melodious bell that makes you happy every time it's time to start a new line. A joy to write on!&quot;}\" data-sheets-userformat=\"{&quot;2&quot;:961,&quot;3&quot;:{&quot;1&quot;:0},&quot;9&quot;:0,&quot;10&quot;:1,&quot;11&quot;:4,&quot;12&quot;:0}\">Helrenoverad skrivmaskin, med nytt gummi p\u00e5 valsen. Unika tangenter f\u00f6r denna modell (som i vanliga fall har glastangenter med metallringar). Den har ocks\u00e5 en ovanligt v\u00e4lklingande klocka, som man blir glad av varje g\u00e5ng det \u00e4r dags att byta rad. En fr\u00f6jd att skriva p\u00e5!<\/span><\/p>","protected":false},"featured_media":7160,"template":"","meta":{"site-sidebar-layout":"default","site-content-layout":"default","ast-global-header-display":"","ast-banner-title-visibility":"","ast-main-header-display":"","ast-hfb-above-header-display":"","ast-hfb-below-header-display":"","ast-hfb-mobile-header-display":"","site-post-title":"","ast-breadcrumbs-content":"","ast-featured-img":"","footer-sml-layout":"","theme-transparent-header-meta":"default","adv-header-id-meta":"","stick-header-meta":"","header-above-stick-meta":"","header-main-stick-meta":"","header-below-stick-meta":""},"product_cat":[193],"product_tag":[],"class_list":["post-7166","product","type-product","status-publish","has-post-thumbnail","hentry","product_cat-sold","desktop-align-left","tablet-align-left","mobile-align-left"],"_links":{"self":[{"href":"https:\/\/swedishtypewriter.com\/sv\/wp-json\/wp\/v2\/product\/7166","targetHints":{"allow":["GET"]}}],"collection":[{"href":"https:\/\/swedishtypewriter.com\/sv\/wp-json\/wp\/v2\/product"}],"about":[{"href":"https:\/\/swedishtypewriter.com\/sv\/wp-json\/wp\/v2\/types\/product"}],"wp:featuredmedia":[{"embeddable":true,"href":"https:\/\/swedishtypewriter.com\/sv\/wp-json\/wp\/v2\/media\/7160"}],"wp:attachment":[{"href":"https:\/\/swedishtypewriter.com\/sv\/wp-json\/wp\/v2\/media?parent=7166"}],"wp:term":[{"taxonomy":"product_cat","embeddable":true,"href":"https:\/\/swedishtypewriter.com\/sv\/wp-json\/wp\/v2\/product_cat?post=7166"},{"taxonomy":"product_tag","embeddable":true,"href":"https:\/\/swedishtypewriter.com\/sv\/wp-json\/wp\/v2\/product_tag?post=7166"}],"curies":[{"name":"wp","href":"https:\/\/api.w.org\/{rel}","templated":true}]}}