{"id":7169,"date":"2023-10-28T08:49:58","date_gmt":"2023-10-28T08:49:58","guid":{"rendered":"https:\/\/swedishtypewriter.com\/?post_type=product&#038;p=7169"},"modified":"2024-03-31T12:05:03","modified_gmt":"2024-03-31T12:05:03","slug":"olivetti-studio-44","status":"publish","type":"product","link":"https:\/\/swedishtypewriter.com\/sv\/produkt\/olivetti-studio-44\/","title":{"rendered":"Olivetti Studio 44"},"content":{"rendered":"","protected":false},"excerpt":{"rendered":"<p><span data-sheets-value=\"{&quot;1&quot;:2,&quot;2&quot;:&quot;Big sister to the Lettera machines, and thus more capable. Really great feel in this one, reliable, and stylish aesthetics. It has a nice red case, although the lock doesn't quite hold together, so you should use a strap. Flawless function, and a new ribbon is included, as usual. Provides plenty of inspiration and writing joy, needed for your novel!&quot;}\" data-sheets-userformat=\"{&quot;2&quot;:961,&quot;3&quot;:{&quot;1&quot;:0},&quot;9&quot;:0,&quot;10&quot;:1,&quot;11&quot;:4,&quot;12&quot;:0}\">Storasyster till Lettera-maskinerna, och s\u00e5ledes mer kompetent. Riktigt bra k\u00e4nsla i denna, stabil funktion och stils\u00e4ker estetik. Snygg r\u00f6d v\u00e4ska, vars l\u00e5s dock inte h\u00e5ller ihop riktigt, s\u00e5 man b\u00f6r ha ett sp\u00e4nnband runt.\nFelfri funktion, och nytt f\u00e4rgband ing\u00e5r, som vanligt. Ger gott om inspiration och skrivargl\u00e4dje, som beh\u00f6vs till den stora romanen!<\/span><\/p>","protected":false},"featured_media":7156,"template":"","meta":{"site-sidebar-layout":"default","site-content-layout":"default","ast-global-header-display":"","ast-banner-title-visibility":"","ast-main-header-display":"","ast-hfb-above-header-display":"","ast-hfb-below-header-display":"","ast-hfb-mobile-header-display":"","site-post-title":"","ast-breadcrumbs-content":"","ast-featured-img":"","footer-sml-layout":"","theme-transparent-header-meta":"default","adv-header-id-meta":"","stick-header-meta":"","header-above-stick-meta":"","header-main-stick-meta":"","header-below-stick-meta":""},"product_cat":[193],"product_tag":[],"class_list":["post-7169","product","type-product","status-publish","has-post-thumbnail","hentry","product_cat-sold","desktop-align-left","tablet-align-left","mobile-align-left"],"_links":{"self":[{"href":"https:\/\/swedishtypewriter.com\/sv\/wp-json\/wp\/v2\/product\/7169","targetHints":{"allow":["GET"]}}],"collection":[{"href":"https:\/\/swedishtypewriter.com\/sv\/wp-json\/wp\/v2\/product"}],"about":[{"href":"https:\/\/swedishtypewriter.com\/sv\/wp-json\/wp\/v2\/types\/product"}],"wp:featuredmedia":[{"embeddable":true,"href":"https:\/\/swedishtypewriter.com\/sv\/wp-json\/wp\/v2\/media\/7156"}],"wp:attachment":[{"href":"https:\/\/swedishtypewriter.com\/sv\/wp-json\/wp\/v2\/media?parent=7169"}],"wp:term":[{"taxonomy":"product_cat","embeddable":true,"href":"https:\/\/swedishtypewriter.com\/sv\/wp-json\/wp\/v2\/product_cat?post=7169"},{"taxonomy":"product_tag","embeddable":true,"href":"https:\/\/swedishtypewriter.com\/sv\/wp-json\/wp\/v2\/product_tag?post=7169"}],"curies":[{"name":"wp","href":"https:\/\/api.w.org\/{rel}","templated":true}]}}