{"id":7263,"date":"2024-03-31T12:05:43","date_gmt":"2024-03-31T12:05:43","guid":{"rendered":"https:\/\/swedishtypewriter.com\/?post_type=product&#038;p=7263"},"modified":"2024-06-11T21:22:06","modified_gmt":"2024-06-11T21:22:06","slug":"hermes-2000-2","status":"publish","type":"product","link":"https:\/\/swedishtypewriter.com\/sv\/produkt\/hermes-2000-2\/","title":{"rendered":"Hermes 2000"},"content":{"rendered":"","protected":false},"excerpt":{"rendered":"<p>En fin Hermes, kolsvart, med pica-font och v\u00e4ldigt fina dekaler i n\u00e4stan nyskick. Maskinen fungerar felfritt, beh\u00f6ver bara nytt f\u00e4rgband och en l\u00e4ttare reng\u00f6ring.<\/p>","protected":false},"featured_media":7264,"template":"","meta":{"site-sidebar-layout":"default","site-content-layout":"default","ast-global-header-display":"","ast-banner-title-visibility":"","ast-main-header-display":"","ast-hfb-above-header-display":"","ast-hfb-below-header-display":"","ast-hfb-mobile-header-display":"","site-post-title":"","ast-breadcrumbs-content":"","ast-featured-img":"","footer-sml-layout":"","theme-transparent-header-meta":"default","adv-header-id-meta":"","stick-header-meta":"","header-above-stick-meta":"","header-main-stick-meta":"","header-below-stick-meta":""},"product_cat":[193],"product_tag":[],"class_list":["post-7263","product","type-product","status-publish","has-post-thumbnail","hentry","product_cat-sold","desktop-align-left","tablet-align-left","mobile-align-left"],"_links":{"self":[{"href":"https:\/\/swedishtypewriter.com\/sv\/wp-json\/wp\/v2\/product\/7263","targetHints":{"allow":["GET"]}}],"collection":[{"href":"https:\/\/swedishtypewriter.com\/sv\/wp-json\/wp\/v2\/product"}],"about":[{"href":"https:\/\/swedishtypewriter.com\/sv\/wp-json\/wp\/v2\/types\/product"}],"wp:featuredmedia":[{"embeddable":true,"href":"https:\/\/swedishtypewriter.com\/sv\/wp-json\/wp\/v2\/media\/7264"}],"wp:attachment":[{"href":"https:\/\/swedishtypewriter.com\/sv\/wp-json\/wp\/v2\/media?parent=7263"}],"wp:term":[{"taxonomy":"product_cat","embeddable":true,"href":"https:\/\/swedishtypewriter.com\/sv\/wp-json\/wp\/v2\/product_cat?post=7263"},{"taxonomy":"product_tag","embeddable":true,"href":"https:\/\/swedishtypewriter.com\/sv\/wp-json\/wp\/v2\/product_tag?post=7263"}],"curies":[{"name":"wp","href":"https:\/\/api.w.org\/{rel}","templated":true}]}}