{"id":7482,"date":"2024-04-15T02:35:50","date_gmt":"2024-04-15T02:35:50","guid":{"rendered":"https:\/\/swedishtypewriter.com\/?post_type=product&#038;p=7482"},"modified":"2024-06-07T12:48:01","modified_gmt":"2024-06-07T12:48:01","slug":"royal-fp","status":"publish","type":"product","link":"https:\/\/swedishtypewriter.com\/sv\/produkt\/royal-fp\/","title":{"rendered":"Royal FP"},"content":{"rendered":"","protected":false},"excerpt":{"rendered":"<p>En av mina b\u00e4sta maskiner n\u00e5gonsin, som dessutom har ett vackert typsnitt - \"\"Congress\"\" eller \"\"Imperial\"\" i elite-storlek. Valsen \u00e4r renoverad av AKB Longs B.V. i Nederl\u00e4nderna, gummit \u00e4r allts\u00e5 helt nytt. All filt p\u00e5 insidan \u00e4r utbytt. Den \u00e4r s\u00e5ledes mer eller mindre i nyskick och skriver som en dr\u00f6m.<\/p>\n<p>Den \u00e4r allts\u00e5 servad och rengjord. Nytt f\u00e4rgband ing\u00e5r.<\/p>","protected":false},"featured_media":7405,"template":"","meta":{"site-sidebar-layout":"default","site-content-layout":"default","ast-global-header-display":"","ast-banner-title-visibility":"","ast-main-header-display":"","ast-hfb-above-header-display":"","ast-hfb-below-header-display":"","ast-hfb-mobile-header-display":"","site-post-title":"","ast-breadcrumbs-content":"","ast-featured-img":"","footer-sml-layout":"","theme-transparent-header-meta":"default","adv-header-id-meta":"","stick-header-meta":"","header-above-stick-meta":"","header-main-stick-meta":"","header-below-stick-meta":""},"product_cat":[193],"product_tag":[],"class_list":["post-7482","product","type-product","status-publish","has-post-thumbnail","hentry","product_cat-sold","desktop-align-left","tablet-align-left","mobile-align-left"],"_links":{"self":[{"href":"https:\/\/swedishtypewriter.com\/sv\/wp-json\/wp\/v2\/product\/7482","targetHints":{"allow":["GET"]}}],"collection":[{"href":"https:\/\/swedishtypewriter.com\/sv\/wp-json\/wp\/v2\/product"}],"about":[{"href":"https:\/\/swedishtypewriter.com\/sv\/wp-json\/wp\/v2\/types\/product"}],"wp:featuredmedia":[{"embeddable":true,"href":"https:\/\/swedishtypewriter.com\/sv\/wp-json\/wp\/v2\/media\/7405"}],"wp:attachment":[{"href":"https:\/\/swedishtypewriter.com\/sv\/wp-json\/wp\/v2\/media?parent=7482"}],"wp:term":[{"taxonomy":"product_cat","embeddable":true,"href":"https:\/\/swedishtypewriter.com\/sv\/wp-json\/wp\/v2\/product_cat?post=7482"},{"taxonomy":"product_tag","embeddable":true,"href":"https:\/\/swedishtypewriter.com\/sv\/wp-json\/wp\/v2\/product_tag?post=7482"}],"curies":[{"name":"wp","href":"https:\/\/api.w.org\/{rel}","templated":true}]}}