{"id":7485,"date":"2024-04-15T03:12:51","date_gmt":"2024-04-15T03:12:51","guid":{"rendered":"https:\/\/swedishtypewriter.com\/?post_type=product&#038;p=7485"},"modified":"2024-08-18T16:02:35","modified_gmt":"2024-08-18T16:02:35","slug":"rema","status":"publish","type":"product","link":"https:\/\/swedishtypewriter.com\/sv\/produkt\/rema\/","title":{"rendered":"Rema (Erika Daro)"},"content":{"rendered":"","protected":false},"excerpt":{"rendered":"<p>Denna Erika har f\u00e5tt namnet Rema, oklart varf\u00f6r. Det \u00e4r en \u00f6sttysk maskin fr\u00e5n b\u00f6rjan av 70-talet, h\u00f6lje i plast och med fin mekanisk precision.<\/p>\n<p>Allt fungerar. Den har servats och rengjorts. Skriver bra och fint! Och v\u00e4skan \u00e4r i bra skick ocks\u00e5.<\/p>","protected":false},"featured_media":7401,"template":"","meta":{"site-sidebar-layout":"default","site-content-layout":"default","ast-global-header-display":"","ast-banner-title-visibility":"","ast-main-header-display":"","ast-hfb-above-header-display":"","ast-hfb-below-header-display":"","ast-hfb-mobile-header-display":"","site-post-title":"","ast-breadcrumbs-content":"","ast-featured-img":"","footer-sml-layout":"","theme-transparent-header-meta":"default","adv-header-id-meta":"","stick-header-meta":"","header-above-stick-meta":"","header-main-stick-meta":"","header-below-stick-meta":""},"product_cat":[193],"product_tag":[],"class_list":["post-7485","product","type-product","status-publish","has-post-thumbnail","hentry","product_cat-sold","desktop-align-left","tablet-align-left","mobile-align-left"],"_links":{"self":[{"href":"https:\/\/swedishtypewriter.com\/sv\/wp-json\/wp\/v2\/product\/7485","targetHints":{"allow":["GET"]}}],"collection":[{"href":"https:\/\/swedishtypewriter.com\/sv\/wp-json\/wp\/v2\/product"}],"about":[{"href":"https:\/\/swedishtypewriter.com\/sv\/wp-json\/wp\/v2\/types\/product"}],"wp:featuredmedia":[{"embeddable":true,"href":"https:\/\/swedishtypewriter.com\/sv\/wp-json\/wp\/v2\/media\/7401"}],"wp:attachment":[{"href":"https:\/\/swedishtypewriter.com\/sv\/wp-json\/wp\/v2\/media?parent=7485"}],"wp:term":[{"taxonomy":"product_cat","embeddable":true,"href":"https:\/\/swedishtypewriter.com\/sv\/wp-json\/wp\/v2\/product_cat?post=7485"},{"taxonomy":"product_tag","embeddable":true,"href":"https:\/\/swedishtypewriter.com\/sv\/wp-json\/wp\/v2\/product_tag?post=7485"}],"curies":[{"name":"wp","href":"https:\/\/api.w.org\/{rel}","templated":true}]}}