{"id":7492,"date":"2024-04-15T03:33:44","date_gmt":"2024-04-15T03:33:44","guid":{"rendered":"https:\/\/swedishtypewriter.com\/?post_type=product&#038;p=7492"},"modified":"2024-04-16T19:21:59","modified_gmt":"2024-04-16T19:21:59","slug":"olivetti-valentine","status":"publish","type":"product","link":"https:\/\/swedishtypewriter.com\/sv\/produkt\/olivetti-valentine\/","title":{"rendered":"Olivetti Valentine"},"content":{"rendered":"","protected":false},"excerpt":{"rendered":"<p>En italiensk designklassiker \u2013 tillverkad i Barcelona, Spanien \u2013 i ovanligt vitt utf\u00f6rande. Fint skick, b\u00e5de mekaniskt och kosmetiskt. Ett litet m\u00e4rke i pl\u00e5ten vid returarmen \u00e4r den enda sk\u00f6nhetsfl\u00e4cken. Kolla typsnittet!\n\nNytt f\u00e4rgband ing\u00e5r.<\/p>\n<p>Nytt f\u00e4rgband ing\u00e5r.<\/p>","protected":false},"featured_media":7404,"template":"","meta":{"site-sidebar-layout":"default","site-content-layout":"default","ast-global-header-display":"","ast-banner-title-visibility":"","ast-main-header-display":"","ast-hfb-above-header-display":"","ast-hfb-below-header-display":"","ast-hfb-mobile-header-display":"","site-post-title":"","ast-breadcrumbs-content":"","ast-featured-img":"","footer-sml-layout":"","theme-transparent-header-meta":"default","adv-header-id-meta":"","stick-header-meta":"","header-above-stick-meta":"","header-main-stick-meta":"","header-below-stick-meta":""},"product_cat":[193],"product_tag":[],"class_list":["post-7492","product","type-product","status-publish","has-post-thumbnail","hentry","product_cat-sold","desktop-align-left","tablet-align-left","mobile-align-left"],"_links":{"self":[{"href":"https:\/\/swedishtypewriter.com\/sv\/wp-json\/wp\/v2\/product\/7492","targetHints":{"allow":["GET"]}}],"collection":[{"href":"https:\/\/swedishtypewriter.com\/sv\/wp-json\/wp\/v2\/product"}],"about":[{"href":"https:\/\/swedishtypewriter.com\/sv\/wp-json\/wp\/v2\/types\/product"}],"wp:featuredmedia":[{"embeddable":true,"href":"https:\/\/swedishtypewriter.com\/sv\/wp-json\/wp\/v2\/media\/7404"}],"wp:attachment":[{"href":"https:\/\/swedishtypewriter.com\/sv\/wp-json\/wp\/v2\/media?parent=7492"}],"wp:term":[{"taxonomy":"product_cat","embeddable":true,"href":"https:\/\/swedishtypewriter.com\/sv\/wp-json\/wp\/v2\/product_cat?post=7492"},{"taxonomy":"product_tag","embeddable":true,"href":"https:\/\/swedishtypewriter.com\/sv\/wp-json\/wp\/v2\/product_tag?post=7492"}],"curies":[{"name":"wp","href":"https:\/\/api.w.org\/{rel}","templated":true}]}}