{"id":7628,"date":"2024-07-19T07:41:57","date_gmt":"2024-07-19T07:41:57","guid":{"rendered":"https:\/\/swedishtypewriter.com\/?post_type=product&#038;p=7628"},"modified":"2024-12-09T06:11:19","modified_gmt":"2024-12-09T06:11:19","slug":"facit-tp2","status":"publish","type":"product","link":"https:\/\/swedishtypewriter.com\/sv\/produkt\/facit-tp2\/","title":{"rendered":"Facit TP2"},"content":{"rendered":"","protected":false},"excerpt":{"rendered":"<p>Efterf\u00f6ljaren till TP1, fr\u00e5n mitten av 60-talet. Rej\u00e4l och stabil maskin, designad innan kvaliteten b\u00f6rjade g\u00e5 utf\u00f6r p\u00e5 70-talet.<\/p>\n<p>Denna \u00e4r inte servad och den har ett vanligt fel f\u00f6r dessa Facitar: Vissa typarmar \u00e4r \"frusna\", liksom ocks\u00e5 vagnen\/escapement. S\u00e4gs vara pga den \u00e4r smord med valfett, som stelnat med \u00e5ren! Relativt l\u00e4tt att l\u00f6sa upp och bl\u00e5sa bort \u2013 beh\u00f6vs en del l\u00f6sningsmedel osv. Om du vill serva den sj\u00e4lv och beh\u00f6ver hj\u00e4lp kan jag r\u00e5dge dig l\u00e4ngs v\u00e4gen.<\/p>","protected":false},"featured_media":7585,"template":"","meta":{"site-sidebar-layout":"default","site-content-layout":"default","ast-global-header-display":"","ast-banner-title-visibility":"","ast-main-header-display":"","ast-hfb-above-header-display":"","ast-hfb-below-header-display":"","ast-hfb-mobile-header-display":"","site-post-title":"","ast-breadcrumbs-content":"","ast-featured-img":"","footer-sml-layout":"","theme-transparent-header-meta":"default","adv-header-id-meta":"","stick-header-meta":"","header-above-stick-meta":"","header-main-stick-meta":"","header-below-stick-meta":""},"product_cat":[193],"product_tag":[],"class_list":["post-7628","product","type-product","status-publish","has-post-thumbnail","hentry","product_cat-sold","desktop-align-left","tablet-align-left","mobile-align-left"],"_links":{"self":[{"href":"https:\/\/swedishtypewriter.com\/sv\/wp-json\/wp\/v2\/product\/7628","targetHints":{"allow":["GET"]}}],"collection":[{"href":"https:\/\/swedishtypewriter.com\/sv\/wp-json\/wp\/v2\/product"}],"about":[{"href":"https:\/\/swedishtypewriter.com\/sv\/wp-json\/wp\/v2\/types\/product"}],"wp:featuredmedia":[{"embeddable":true,"href":"https:\/\/swedishtypewriter.com\/sv\/wp-json\/wp\/v2\/media\/7585"}],"wp:attachment":[{"href":"https:\/\/swedishtypewriter.com\/sv\/wp-json\/wp\/v2\/media?parent=7628"}],"wp:term":[{"taxonomy":"product_cat","embeddable":true,"href":"https:\/\/swedishtypewriter.com\/sv\/wp-json\/wp\/v2\/product_cat?post=7628"},{"taxonomy":"product_tag","embeddable":true,"href":"https:\/\/swedishtypewriter.com\/sv\/wp-json\/wp\/v2\/product_tag?post=7628"}],"curies":[{"name":"wp","href":"https:\/\/api.w.org\/{rel}","templated":true}]}}