{"id":7716,"date":"2024-12-03T08:56:54","date_gmt":"2024-12-03T08:56:54","guid":{"rendered":"https:\/\/swedishtypewriter.com\/product\/voss-privat\/"},"modified":"2025-10-04T06:41:49","modified_gmt":"2025-10-04T06:41:49","slug":"voss-privat","status":"publish","type":"product","link":"https:\/\/swedishtypewriter.com\/sv\/produkt\/voss-privat\/","title":{"rendered":"Voss Privat"},"content":{"rendered":"","protected":false},"excerpt":{"rendered":"<p>S\u00f6t liten maskin som fungerar hj\u00e4lpligt, men klockan och marginalutl\u00f6saren beh\u00f6ver justeras.<\/p>","protected":false},"featured_media":7862,"template":"","meta":{"site-sidebar-layout":"default","site-content-layout":"default","ast-global-header-display":"","ast-banner-title-visibility":"","ast-main-header-display":"","ast-hfb-above-header-display":"","ast-hfb-below-header-display":"","ast-hfb-mobile-header-display":"","site-post-title":"","ast-breadcrumbs-content":"","ast-featured-img":"","footer-sml-layout":"","theme-transparent-header-meta":"default","adv-header-id-meta":"","stick-header-meta":"","header-above-stick-meta":"","header-main-stick-meta":"","header-below-stick-meta":""},"product_cat":[194],"product_tag":[],"class_list":["post-7716","product","type-product","status-publish","has-post-thumbnail","hentry","product_cat-non-serviced","desktop-align-left","tablet-align-left","mobile-align-left"],"_links":{"self":[{"href":"https:\/\/swedishtypewriter.com\/sv\/wp-json\/wp\/v2\/product\/7716","targetHints":{"allow":["GET"]}}],"collection":[{"href":"https:\/\/swedishtypewriter.com\/sv\/wp-json\/wp\/v2\/product"}],"about":[{"href":"https:\/\/swedishtypewriter.com\/sv\/wp-json\/wp\/v2\/types\/product"}],"wp:featuredmedia":[{"embeddable":true,"href":"https:\/\/swedishtypewriter.com\/sv\/wp-json\/wp\/v2\/media\/7862"}],"wp:attachment":[{"href":"https:\/\/swedishtypewriter.com\/sv\/wp-json\/wp\/v2\/media?parent=7716"}],"wp:term":[{"taxonomy":"product_cat","embeddable":true,"href":"https:\/\/swedishtypewriter.com\/sv\/wp-json\/wp\/v2\/product_cat?post=7716"},{"taxonomy":"product_tag","embeddable":true,"href":"https:\/\/swedishtypewriter.com\/sv\/wp-json\/wp\/v2\/product_tag?post=7716"}],"curies":[{"name":"wp","href":"https:\/\/api.w.org\/{rel}","templated":true}]}}