{"id":7718,"date":"2024-12-03T08:56:54","date_gmt":"2024-12-03T08:56:54","guid":{"rendered":"https:\/\/swedishtypewriter.com\/product\/japy-script\/"},"modified":"2025-03-10T03:19:31","modified_gmt":"2025-03-10T03:19:31","slug":"japy-script","status":"publish","type":"product","link":"https:\/\/swedishtypewriter.com\/sv\/produkt\/japy-script\/","title":{"rendered":"Japy Script"},"content":{"rendered":"","protected":false},"excerpt":{"rendered":"<p>En fransk maskin som egentligen \u00e4r samma som Voss Privat (med flera) - det var en popul\u00e4r modell uppenbarligen. Denna har extra coolt typsnitt (Director Pica) och den fungerar fint. V\u00e4skan d\u00e4remot \u00e4r i ett sorgligt skick, dragkedjan \u00e4r trasig och dess stoppning har smulats s\u00f6nder och ligger delvis inne i skrivmaskinen. Nya \u00e4garen b\u00f6r bl\u00e5sa ut den med tryckluft, sedan \u00e4r det bara att b\u00f6rja skriva.<\/p>","protected":false},"featured_media":7861,"template":"","meta":{"site-sidebar-layout":"default","site-content-layout":"default","ast-global-header-display":"","ast-banner-title-visibility":"","ast-main-header-display":"","ast-hfb-above-header-display":"","ast-hfb-below-header-display":"","ast-hfb-mobile-header-display":"","site-post-title":"","ast-breadcrumbs-content":"","ast-featured-img":"","footer-sml-layout":"","theme-transparent-header-meta":"default","adv-header-id-meta":"","stick-header-meta":"","header-above-stick-meta":"","header-main-stick-meta":"","header-below-stick-meta":""},"product_cat":[193],"product_tag":[],"class_list":["post-7718","product","type-product","status-publish","has-post-thumbnail","hentry","product_cat-sold","desktop-align-left","tablet-align-left","mobile-align-left"],"_links":{"self":[{"href":"https:\/\/swedishtypewriter.com\/sv\/wp-json\/wp\/v2\/product\/7718","targetHints":{"allow":["GET"]}}],"collection":[{"href":"https:\/\/swedishtypewriter.com\/sv\/wp-json\/wp\/v2\/product"}],"about":[{"href":"https:\/\/swedishtypewriter.com\/sv\/wp-json\/wp\/v2\/types\/product"}],"wp:featuredmedia":[{"embeddable":true,"href":"https:\/\/swedishtypewriter.com\/sv\/wp-json\/wp\/v2\/media\/7861"}],"wp:attachment":[{"href":"https:\/\/swedishtypewriter.com\/sv\/wp-json\/wp\/v2\/media?parent=7718"}],"wp:term":[{"taxonomy":"product_cat","embeddable":true,"href":"https:\/\/swedishtypewriter.com\/sv\/wp-json\/wp\/v2\/product_cat?post=7718"},{"taxonomy":"product_tag","embeddable":true,"href":"https:\/\/swedishtypewriter.com\/sv\/wp-json\/wp\/v2\/product_tag?post=7718"}],"curies":[{"name":"wp","href":"https:\/\/api.w.org\/{rel}","templated":true}]}}