{"id":7719,"date":"2024-12-03T08:56:54","date_gmt":"2024-12-03T08:56:54","guid":{"rendered":"https:\/\/swedishtypewriter.com\/product\/olivetti-lettera-32-2\/"},"modified":"2024-12-11T15:23:48","modified_gmt":"2024-12-11T15:23:48","slug":"olivetti-lettera-32-2","status":"publish","type":"product","link":"https:\/\/swedishtypewriter.com\/sv\/produkt\/olivetti-lettera-32-2\/","title":{"rendered":"Olivetti Lettera 32"},"content":{"rendered":"","protected":false},"excerpt":{"rendered":"<p>Klassisk L32 som funkar hyfsat, men valsfrig\u00f6raren h\u00e4nger sig ibland - misst\u00e4nker att det r\u00e4cker med en reng\u00f6ring. V\u00e4ska i ok skick ing\u00e5r.<\/p>","protected":false},"featured_media":7866,"template":"","meta":{"site-sidebar-layout":"default","site-content-layout":"default","ast-global-header-display":"","ast-banner-title-visibility":"","ast-main-header-display":"","ast-hfb-above-header-display":"","ast-hfb-below-header-display":"","ast-hfb-mobile-header-display":"","site-post-title":"","ast-breadcrumbs-content":"","ast-featured-img":"","footer-sml-layout":"","theme-transparent-header-meta":"default","adv-header-id-meta":"","stick-header-meta":"","header-above-stick-meta":"","header-main-stick-meta":"","header-below-stick-meta":""},"product_cat":[193],"product_tag":[],"class_list":["post-7719","product","type-product","status-publish","has-post-thumbnail","hentry","product_cat-sold","desktop-align-left","tablet-align-left","mobile-align-left"],"_links":{"self":[{"href":"https:\/\/swedishtypewriter.com\/sv\/wp-json\/wp\/v2\/product\/7719","targetHints":{"allow":["GET"]}}],"collection":[{"href":"https:\/\/swedishtypewriter.com\/sv\/wp-json\/wp\/v2\/product"}],"about":[{"href":"https:\/\/swedishtypewriter.com\/sv\/wp-json\/wp\/v2\/types\/product"}],"wp:featuredmedia":[{"embeddable":true,"href":"https:\/\/swedishtypewriter.com\/sv\/wp-json\/wp\/v2\/media\/7866"}],"wp:attachment":[{"href":"https:\/\/swedishtypewriter.com\/sv\/wp-json\/wp\/v2\/media?parent=7719"}],"wp:term":[{"taxonomy":"product_cat","embeddable":true,"href":"https:\/\/swedishtypewriter.com\/sv\/wp-json\/wp\/v2\/product_cat?post=7719"},{"taxonomy":"product_tag","embeddable":true,"href":"https:\/\/swedishtypewriter.com\/sv\/wp-json\/wp\/v2\/product_tag?post=7719"}],"curies":[{"name":"wp","href":"https:\/\/api.w.org\/{rel}","templated":true}]}}