{"id":7721,"date":"2024-12-03T08:56:54","date_gmt":"2024-12-03T08:56:54","guid":{"rendered":"https:\/\/swedishtypewriter.com\/product\/calanda-luxe\/"},"modified":"2025-01-02T13:26:01","modified_gmt":"2025-01-02T13:26:01","slug":"calanda-luxe","status":"publish","type":"product","link":"https:\/\/swedishtypewriter.com\/sv\/produkt\/calanda-luxe\/","title":{"rendered":"Calanda Luxe"},"content":{"rendered":"","protected":false},"excerpt":{"rendered":"<p>Ovanlig schweizisk modell (tangenterna k\u00e4nns igen fr\u00e5n Hermes 2000). Den fungerar r\u00e4tt ok, men marginalerna strular lite. Man beh\u00f6ver eventuellt ha viss vana av mekanik f\u00f6r att f\u00e5 denna att fungera felfritt.<\/p>","protected":false},"featured_media":7870,"template":"","meta":{"site-sidebar-layout":"default","site-content-layout":"default","ast-global-header-display":"","ast-banner-title-visibility":"","ast-main-header-display":"","ast-hfb-above-header-display":"","ast-hfb-below-header-display":"","ast-hfb-mobile-header-display":"","site-post-title":"","ast-breadcrumbs-content":"","ast-featured-img":"","footer-sml-layout":"","theme-transparent-header-meta":"default","adv-header-id-meta":"","stick-header-meta":"","header-above-stick-meta":"","header-main-stick-meta":"","header-below-stick-meta":""},"product_cat":[194],"product_tag":[],"class_list":["post-7721","product","type-product","status-publish","has-post-thumbnail","hentry","product_cat-non-serviced","desktop-align-left","tablet-align-left","mobile-align-left"],"_links":{"self":[{"href":"https:\/\/swedishtypewriter.com\/sv\/wp-json\/wp\/v2\/product\/7721","targetHints":{"allow":["GET"]}}],"collection":[{"href":"https:\/\/swedishtypewriter.com\/sv\/wp-json\/wp\/v2\/product"}],"about":[{"href":"https:\/\/swedishtypewriter.com\/sv\/wp-json\/wp\/v2\/types\/product"}],"wp:featuredmedia":[{"embeddable":true,"href":"https:\/\/swedishtypewriter.com\/sv\/wp-json\/wp\/v2\/media\/7870"}],"wp:attachment":[{"href":"https:\/\/swedishtypewriter.com\/sv\/wp-json\/wp\/v2\/media?parent=7721"}],"wp:term":[{"taxonomy":"product_cat","embeddable":true,"href":"https:\/\/swedishtypewriter.com\/sv\/wp-json\/wp\/v2\/product_cat?post=7721"},{"taxonomy":"product_tag","embeddable":true,"href":"https:\/\/swedishtypewriter.com\/sv\/wp-json\/wp\/v2\/product_tag?post=7721"}],"curies":[{"name":"wp","href":"https:\/\/api.w.org\/{rel}","templated":true}]}}