{"id":7724,"date":"2024-12-03T08:56:54","date_gmt":"2024-12-03T08:56:54","guid":{"rendered":"https:\/\/swedishtypewriter.com\/product\/erika-10-2\/"},"modified":"2025-01-02T13:26:45","modified_gmt":"2025-01-02T13:26:45","slug":"erika-10-2","status":"publish","type":"product","link":"https:\/\/swedishtypewriter.com\/sv\/produkt\/erika-10-2\/","title":{"rendered":"Erika 10"},"content":{"rendered":"","protected":false},"excerpt":{"rendered":"<p>Milit\u00e4rgr\u00f6n \u00f6sttysk maskin fr\u00e5n 50-talet, kan det bli b\u00e4ttre? F\u00f6rmodligen inte. Klassisk Erika, stabil maskin att ta med p\u00e5 resan eller l\u00e5ta st\u00e5 framme p\u00e5 skrivbordet.<\/p>\n<p>Denna \u00e4r inte servad men fungerar hj\u00e4lpligt. Marginalerna beh\u00f6ver justeras f\u00f6r att bli helt fungerande, men det l\u00f6ser sig med lite lacknafta.<\/p>","protected":false},"featured_media":7872,"template":"","meta":{"site-sidebar-layout":"default","site-content-layout":"default","ast-global-header-display":"","ast-banner-title-visibility":"","ast-main-header-display":"","ast-hfb-above-header-display":"","ast-hfb-below-header-display":"","ast-hfb-mobile-header-display":"","site-post-title":"","ast-breadcrumbs-content":"","ast-featured-img":"","footer-sml-layout":"","theme-transparent-header-meta":"default","adv-header-id-meta":"","stick-header-meta":"","header-above-stick-meta":"","header-main-stick-meta":"","header-below-stick-meta":""},"product_cat":[193],"product_tag":[],"class_list":["post-7724","product","type-product","status-publish","has-post-thumbnail","hentry","product_cat-sold","desktop-align-left","tablet-align-left","mobile-align-left"],"_links":{"self":[{"href":"https:\/\/swedishtypewriter.com\/sv\/wp-json\/wp\/v2\/product\/7724","targetHints":{"allow":["GET"]}}],"collection":[{"href":"https:\/\/swedishtypewriter.com\/sv\/wp-json\/wp\/v2\/product"}],"about":[{"href":"https:\/\/swedishtypewriter.com\/sv\/wp-json\/wp\/v2\/types\/product"}],"wp:featuredmedia":[{"embeddable":true,"href":"https:\/\/swedishtypewriter.com\/sv\/wp-json\/wp\/v2\/media\/7872"}],"wp:attachment":[{"href":"https:\/\/swedishtypewriter.com\/sv\/wp-json\/wp\/v2\/media?parent=7724"}],"wp:term":[{"taxonomy":"product_cat","embeddable":true,"href":"https:\/\/swedishtypewriter.com\/sv\/wp-json\/wp\/v2\/product_cat?post=7724"},{"taxonomy":"product_tag","embeddable":true,"href":"https:\/\/swedishtypewriter.com\/sv\/wp-json\/wp\/v2\/product_tag?post=7724"}],"curies":[{"name":"wp","href":"https:\/\/api.w.org\/{rel}","templated":true}]}}